{"id":3017,"date":"2019-01-29T15:49:25","date_gmt":"2019-01-29T14:49:25","guid":{"rendered":"https:\/\/fondazionelaviosa.com\/privacy-policy\/"},"modified":"2021-11-23T17:22:49","modified_gmt":"2021-11-23T16:22:49","slug":"privacy-policy","status":"publish","type":"page","link":"https:\/\/fondazionelaviosa.com\/en\/privacy-policy\/","title":{"rendered":"Privacy Policy"},"content":{"rendered":"<h2>Informativa sul trattamento dei dati personali ex art. 13 Reg.to UE 2016\/679<\/h2>\n<p><strong>Soggetti Interessati: Utenti del portale web fondazionelaviosa.com<\/strong><\/p>\n<p>Lo scopo di questa pagina \u00e8 descrivere le modalit\u00e0 di gestione del portale in riferimento al trattamento dei dati personali degli utenti che lo consultano, i quali saranno trattati secondo regole di liceit\u00e0, correttezza, pertinenza e non eccedenza.<\/p>\n<p>L\u2019informativa viene fornita anche ai sensi dell\u2019art. 13 del Regolamento UE 679\/16 (GDPR) a coloro che interagiscono con i servizi web della Fondazione Carlo Laviosa navigando sul portale https:\/\/fondazionelaviosa.com e\/o contattandoci (via telefono, mail ai recapiti indicati sul sito) e\/o attraverso le nostre pagine Social.<\/p>\n<p>Si precisa che l\u2019informativa viene fornita solo per i suddetti siti e non per altri siti web eventualmente consultati dall\u2019utente tramite eventuale link.<\/p>\n<h3>Perch\u00e9 ti forniamo questa comunicazione<\/h3>\n<p>La Fondazione Carlo Laviosa, in qualit\u00e0 di Titolare del Trattamento, vuole informarti su quali dati raccoglie e con quali modalit\u00e0, in modo da garantire il rispetto dei tuoi diritti e delle tue libert\u00e0 fondamentali, con particolare riferimento alla riservatezza e alla sicurezza con cui i dati vengono trattati.<\/p>\n<h3>Oggetto del trattamento<\/h3>\n<p>I dati trattati dalla Fondazione Carlo Laviosa si riferiscono a:<\/p>\n<ul>\n<li><strong>Dati raccolti in automatico<\/strong>. I sistemi informatici e gli applicativi dedicati al funzionamento del nostro portale web rilevano, nel corso del loro normale funzionamento, alcuni dati (la cui trasmissione \u00e8 implicita nell\u2019uso dei protocolli di comunicazione di Internet) potenzialmente associati ad utenti identificabili. Tra i dati raccolti sono compresi gli indirizzi IP e i nomi di dominio dei computer utilizzati dagli utenti che si connettono al sito, gli indirizzi in notazione URI (Uniform Resource Identifier) delle risorse richieste, l\u2019orario della richiesta, il metodo utilizzato nel sottoporre la richiesta al server, la dimensione del file ottenuto in risposta, il codice numerico indicante lo stato della risposta data dal server (buon fine, errore, ecc.) ed altri parametri riguardanti il sistema operativo, il browser e l\u2019ambiente informatico utilizzato dall\u2019utente. Questi dati vengono trattati, per il tempo strettamente necessario, al solo fine di consentire agli utenti la navigazione e ricavare informazioni statistiche anonime sull\u2019uso del sito e per controllarne il regolare funzionamento o per accertare la responsabilit\u00e0 in ipotesi di reati informatici. Il conferimento di tali dati \u00e8 obbligatorio in quanto direttamente collegato all\u2019esperienza di navigazione web. La base giuridica di questo trattamento \u00e8 rappresentata dal legittimo interesse del titolare a garantire il corretto funzionamento dei sistemi informatici e a procedere all\u2019accertamento dei presunti reati informatici (anche sulla base dell\u2019esistenza di un obbligo di legge).<\/li>\n<li><strong>Cookies<\/strong>. Il nostro portale utilizza cookies tecnici e cookie di terze parti i quali potrebbero raccogliere dati di navigazione degli utenti. Il conferimento \u00e8 obbligatorio per quanto concerne i cookies tecnici necessari per permettere la navigazione mentre \u00e8 facoltativo ed avviene tramite espressione di un consenso libero ed informato per quanto attiene ai cookies di terze parti. I cookies operano al fine di analizzare l\u2019efficacia del sito e renderlo nel tempo pi\u00f9 facile ed intuitivo. Per maggiori informazioni \u00e8 disponibile una apposita cookie policy su questo sito nella <a title=\"cookie policy\" href=\"https:\/\/fondazionelaviosa.com\/cookie-policy\/\" target=\"_blank\" rel=\"noopener\">sezione dedicata<\/a>.<\/li>\n<li><strong>Dati forniti volontariamente dall\u2019utente<\/strong>. L\u2019utente fornisce volontariamente i suoi dati nelle seguenti circostanze:<br \/>\n<strong>Invio di e-mail agli indirizzi indicati sul portale<\/strong><br \/>\nL\u2019invio facoltativo, esplicito e volontario di posta elettronica agli indirizzi indicati su questo portale comporta la successiva acquisizione dell\u2019indirizzo del mittente, necessario per rispondere alle richieste nonch\u00e9 degli eventuali altri dati personali inseriti nella missiva. La base giuridica \u00e8 rappresentata dalla necessit\u00e0 di eseguire misure precontrattuali adottate sulla base di una tua richiesta.<strong>Invio di messaggi attraverso i Canali Social<br \/>\n<\/strong>L\u2019invio facoltativo, esplicito e volontario di messaggi attraverso Facebook, Instagram o altri canali social finalizzati a ricevere informazioni sulla nostra attivit\u00e0 o porre domande comportano la successiva acquisizione di tali dati necessari per fornire una risposta a quanto richiesto. La base giuridica \u00e8 rappresentata dalla necessit\u00e0 di eseguire misure precontrattuali adottate sulla base di una tua richiesta.<strong>Iscrizione alla newsletter<\/strong><br \/>\nI dati personali inviati per la iscrizione alla nostra newsletter (consistenti nel proprio indirizzo e-mail) saranno utilizzati con lo scopo di inviare periodicamente una Newsletter contenente informazioni sulle nostre attivit\u00e0 e sui nostri progetti. I dati saranno registrati su archivio elettronico e\/o informatico protetto e trattati in via del tutto riservata da la Fondazione Carlo Laviosa titolare del trattamento, nel pieno rispetto di della legge, attraverso il personale appositamente autorizzato a trattare i tuoi dati. I Dati personali non verranno in nessun caso comunicati a terzi n\u00e9 altrimenti diffusi fatti salve aziende o liberi professionisti che svolgono attivit\u00e0 di consulenza in materia di comunicazione o che svolgono attivit\u00e0 di manutenzione sul sito web, soggetti che l\u2019azienda ha provveduto a nominare Responsabili del Trattamento.La base giuridica del trattamento \u00e8 il tuo consenso: utilizzeremo i dati richiesti solo previa tua autorizzazione.Precisiamo che in ogni momento potrai esercitare, rivolgendoti direttamente al Titolare del trattamento, i diritti riconosciuti dalla normativa ed esplicitati nella apposita sezione denominata \u201cDiritti degli interessati\u201d. Ricordiamo infine che ogni iscritto ha facolt\u00e0 di cancellarsi dalla Newsletter in qualsiasi momento cliccando sull\u2019apposito link indicato nel corpo della Newsletter stessa.<\/p>\n<p><strong>Inserimento dati nella sezione \u201cScrivici\u201d<\/strong><br \/>\nL\u2019invio facoltativo, esplicito e volontario di messaggi attraverso la sezione \u201cScrivici\u201d, finalizzati a ricevere informazioni sulla nostra attivit\u00e0 o porre domande comportano la successiva acquisizione di tali dati necessari per fornire una risposta a quanto richiesto. I dati personali richiesti sono Nome, Cognome, Indirizzo e-mail, Numero di Telefono (facoltativo). La base giuridica \u00e8 rappresentata dalla necessit\u00e0 di eseguire misure precontrattuali adottate sulla base di una tua richiesta.<\/li>\n<\/ul>\n<h3>Base giuridica del trattamento<\/h3>\n<p>La base giuridica dei trattamenti sopra indicati si ravvisa nel tuo consenso espresso ed inequivocabile, nel legittimo interesse del titolare, nell\u2019adempimento di obblighi di legge e\/o contrattuali (ex art. 6 GDPR) come sopra specificato.<\/p>\n<h3>Per quali finalit\u00e0 usiamo i tuoi dati personali<\/h3>\n<p><strong>Senza necessario consenso:<\/strong><\/p>\n<p>La raccolta e il trattamento dei tuoi dati personali sar\u00e0 effettuato esclusivamente per finalit\u00e0 strettamente connesse e strumentali alla evasione di richieste promosse mediante mail, telefono, contatti via canali Social, sezione \u201cScrivici\u201d oltrech\u00e9, eventualmente, per adempimenti ed obblighi previsti da leggi, regolamenti e normative comunitarie ovvero da disposizioni impartite da autorit\u00e0 a ci\u00f2 legittimate dalla legge e da organi di vigilanza e controllo e per finalit\u00e0 statistiche di tipo anonimo e aggregate.<\/p>\n<p><strong>Con esplicito consenso:<\/strong><\/p>\n<ul>\n<li>Inviarti newsletter e\/o comunicazioni promozionali via email relative a novit\u00e0, iniziative, eventi che ti potrebbero interessare;<\/li>\n<\/ul>\n<h3>Per quanto tempo conserviamo i tuoi dati personali<\/h3>\n<p>I dati raccolti in automatico dal sito verranno conservati per il solo tempo necessario.<\/p>\n<p>I dati personali raccolti per rispondere alle richieste degli interessati saranno trattati per il solo tempo necessario per dare esecuzione a quanto richiesto.<\/p>\n<p>I dati raccolti con finalit\u00e0 di promozione e marketing diretto (invio di newsletter) saranno conservati fino a quando non perverr\u00e0 da parte tua una richiesta di revoca del consenso.<\/p>\n<p>Il Titolare potrebbe essere obbligato a conservare i dati personali per un periodo pi\u00f9 lungo in ottemperanza ad un obbligo di legge o per ordine di un\u2019autorit\u00e0, ovvero per il proprio legittimo interesse al fine di tutelare un proprio diritto, anche in sede giudiziaria.<\/p>\n<p>Al termine del periodo di conservazioni i dati personali saranno cancellati. Pertanto, allo spirare di tale termine il diritto di accesso, cancellazione, rettificazione ed il diritto alla portabilit\u00e0 dei dati non potranno pi\u00f9 essere esercitati.<\/p>\n<h3>La sicurezza dei tuoi dati personali<\/h3>\n<p>Il trattamento dei tuoi dati avverr\u00e0 mediante strumenti idonei a garantirne la riservatezza, l\u2019integrit\u00e0 e la disponibilit\u00e0. Il trattamento \u00e8 effettuato su supporto cartaceo e mediante sistemi informativi e\/o automatizzati e comprender\u00e0 tutte le operazioni o complesso di operazioni previste all\u2019art. 4 del GDPR e necessarie al trattamento in questione, ivi inclusa la comunicazione nei confronti dei soggetti incaricati al trattamento stesso. I dati in questione non saranno oggetto di diffusione; invece, saranno o potranno essere comunicati a soggetti, pubblici o privati, che operano nell\u2019ambito delle finalit\u00e0 sopra descritte.<\/p>\n<h3>Chi pu\u00f2 accedere ai tuoi dati personali<\/h3>\n<p>Possono accedere ai tuoi dati esclusivamente persone autorizzate nell\u2019ambito delle mansioni assegnate dal Titolare. Per le finalit\u00e0 indicate, i dati \u2013 o alcuni di essi \u2013 potranno inoltre essere accessibili o potranno essere comunicati a soggetti cui la facolt\u00e0 di accedere ai suoi dati personali sia riconosciuta da disposizioni di legge o di normativa secondaria o comunitaria oppure in quanto fornitori di servizi strettamente connessi alla gestione del sito web (in qualit\u00e0 di Responsabili del trattamento).<\/p>\n<h3>Dove risiedono i tuoi dati personali<\/h3>\n<p>La gestione e la conservazione dei tuoi dati personali avverranno in cartaceo, debitamente conservati in appositi archivi chiusi a chiave e\/o su server ubicati all\u2019interno dell\u2019Unione Europea del Titolare e di societ\u00e0 terze incaricate e debitamente nominate quali Responsabili del trattamento. I dati conferiti non saranno oggetto di trasferimento a paesi terzi o ad organizzazioni internazionali e non saranno oggetto di diffusione.<\/p>\n<h3>\u00c8 obbligatorio acconsentire al conferimento dei tuoi dati?<\/h3>\n<p>La trasmissione dei tuoi dati di navigazione \u00e8 obbligatoria per continuare a navigare su questo sito.<\/p>\n<p>Il conferimento dei tuoi dati richiesti per evadere le richieste da te promosse, \u00e8 necessario allo scopo.<\/p>\n<p>Il conferimento dei dati per scopo di inviarti le nostre newsletter \u00e8 facoltativo.<\/p>\n<p>Il conferimento dei dati per una donazione \u00e8 facoltativo cos\u00ec come il conferimento dei dati che si evincono dalla segnalazione di un bisogno.<\/p>\n<h3>Diritti degli interessati.<\/h3>\n<p>Quali sono i tuoi diritti in relazione al GDPR?<\/p>\n<p>La Fondazione Carlo Laviosa, secondo le disposizioni del GDPR, ti garantisce i seguenti diritti:<\/p>\n<ul>\n<li>ottenere la conferma che sia o meno in corso un trattamento di dati personali che ti riguardano e in tal caso, ottenere l\u2019accesso ai dati personali (Diritto di accesso art. 15);<\/li>\n<li>ottenere la rettifica dei dati personali inesatti che ti riguardano senza ingiustificato ritardo (Diritto di Rettifica art. 16);<\/li>\n<li>ottenere la cancellazione dei dati personali che ti riguardano senza ingiustificato ritardo, il Titolare ha l\u2019obbligo di cancellare senza ingiustificato ritardo i tuoi dati personali, se sussistono determinate condizioni (Diritto all\u2019oblio art. 17);<\/li>\n<li>ottenere la limitazione del trattamento in determinate ipotesi (Diritto alla limitazione del trattamento art. 18);<\/li>\n<li>ricevere in un formato strutturato, di uso comune e leggibile da dispositivo automatico i dati personali che ci hai fornito e poterli eventualmente trasmettere a un altro Titolare del trattamento (Diritto alla portabilit\u00e0 dei dati art. 20);<\/li>\n<li>opporsi in qualsiasi momento, per motivi connessi alla tua situazione particolare, al trattamento dei dati personali che ti riguardano (Diritto di opposizione art 21);<\/li>\n<li>ricevere senza ingiustificato ritardo comunicazione della violazione dei dati personali subita dal Titolare e\/o dai Responsabili qualora detta violazione rappresenti una minaccia per i diritti e le libert\u00e0 dell\u2019interessato (Art. 34);<\/li>\n<li>revocare il consenso espresso in qualsiasi momento (Condizioni per il consenso art. 7).<\/li>\n<\/ul>\n<h3>Per ogni richiesta puoi rivolgerti ai contatti forniti dal Titolare del Trattamento<\/h3>\n<p>Se ritieni che non abbiamo rispettato i tuoi diritti in materia di protezione dei dati personali, puoi rivolgersi rivolgerti all\u2019Autorit\u00e0 Garante per la protezione dei dati personali. In alternativa, se risiedi in un altro Paese, puoi contattare il Garante per la protezione dei dati personali locale.<\/p>\n<h3>Titolare del Trattamento<\/h3>\n<p>Titolare del Trattamento \u00e8 la Fondazione Carlo Laviosa, con sede in Livorno, Scali D&#8217;Azeglio 50<\/p>\n<p>C.A.P. 57123, C.F. 92091810496, Indirizzo email: privacy@laviosa.com<\/p>\n<p>L\u2019elenco dei responsabili e degli autorizzati al trattamento \u00e8 consultabile presso la sede del titolare sopra citata.<\/p>\n<h3>Aggiornamento della presente informativa<\/h3>\n<p>La presente Informativa pu\u00f2 subire variazioni. Eventuali modifiche sostanziali ti saranno comunicate via mail o attraverso il nostro sito internet.<\/p>\n<p>Rev. 1 del 20\/09\/2021<\/p>\n","protected":false},"excerpt":{"rendered":"<p>Informativa sul trattamento dei dati personali ex art. 13 Reg.to UE 2016\/679 Soggetti Interessati: Utenti del portale web fondazionelaviosa.com Lo scopo di questa pagina \u00e8 descrivere le modalit\u00e0 di gestione del portale in riferimento al trattamento dei dati personali degli utenti che lo consultano, i quali saranno trattati secondo regole di liceit\u00e0, correttezza, pertinenza e [&hellip;]<\/p>\n","protected":false},"author":1,"featured_media":0,"parent":0,"menu_order":0,"comment_status":"closed","ping_status":"closed","template":"","meta":{"_uag_custom_page_level_css":"","site-sidebar-layout":"default","site-content-layout":"","ast-site-content-layout":"","site-content-style":"default","site-sidebar-style":"default","ast-global-header-display":"","ast-banner-title-visibility":"","ast-main-header-display":"","ast-hfb-above-header-display":"","ast-hfb-below-header-display":"","ast-hfb-mobile-header-display":"","site-post-title":"","ast-breadcrumbs-content":"","ast-featured-img":"","footer-sml-layout":"","theme-transparent-header-meta":"","adv-header-id-meta":"","stick-header-meta":"","header-above-stick-meta":"","header-main-stick-meta":"","header-below-stick-meta":"","astra-migrate-meta-layouts":"default","ast-page-background-enabled":"default","ast-page-background-meta":{"desktop":{"background-color":"var(--ast-global-color-4)","background-image":"","background-repeat":"repeat","background-position":"center center","background-size":"auto","background-attachment":"scroll","background-type":"","background-media":"","overlay-type":"","overlay-color":"","overlay-opacity":"","overlay-gradient":""},"tablet":{"background-color":"","background-image":"","background-repeat":"repeat","background-position":"center center","background-size":"auto","background-attachment":"scroll","background-type":"","background-media":"","overlay-type":"","overlay-color":"","overlay-opacity":"","overlay-gradient":""},"mobile":{"background-color":"","background-image":"","background-repeat":"repeat","background-position":"center center","background-size":"auto","background-attachment":"scroll","background-type":"","background-media":"","overlay-type":"","overlay-color":"","overlay-opacity":"","overlay-gradient":""}},"ast-content-background-meta":{"desktop":{"background-color":"var(--ast-global-color-5)","background-image":"","background-repeat":"repeat","background-position":"center center","background-size":"auto","background-attachment":"scroll","background-type":"","background-media":"","overlay-type":"","overlay-color":"","overlay-opacity":"","overlay-gradient":""},"tablet":{"background-color":"var(--ast-global-color-5)","background-image":"","background-repeat":"repeat","background-position":"center center","background-size":"auto","background-attachment":"scroll","background-type":"","background-media":"","overlay-type":"","overlay-color":"","overlay-opacity":"","overlay-gradient":""},"mobile":{"background-color":"var(--ast-global-color-5)","background-image":"","background-repeat":"repeat","background-position":"center center","background-size":"auto","background-attachment":"scroll","background-type":"","background-media":"","overlay-type":"","overlay-color":"","overlay-opacity":"","overlay-gradient":""}},"footnotes":""},"class_list":["post-3017","page","type-page","status-publish","hentry"],"aioseo_notices":[],"uagb_featured_image_src":{"full":false,"thumbnail":false,"medium":false,"medium_large":false,"large":false,"1536x1536":false,"2048x2048":false},"uagb_author_info":{"display_name":"metodo","author_link":"https:\/\/fondazionelaviosa.com\/en\/author\/metodo\/"},"uagb_comment_info":0,"uagb_excerpt":"Informativa sul trattamento dei dati personali ex art. 13 Reg.to UE 2016\/679 Soggetti Interessati: Utenti del portale web fondazionelaviosa.com Lo scopo di questa pagina \u00e8 descrivere le modalit\u00e0 di gestione del portale in riferimento al trattamento dei dati personali degli utenti che lo consultano, i quali saranno trattati secondo regole di liceit\u00e0, correttezza, pertinenza e&hellip;","_links":{"self":[{"href":"https:\/\/fondazionelaviosa.com\/en\/wp-json\/wp\/v2\/pages\/3017","targetHints":{"allow":["GET"]}}],"collection":[{"href":"https:\/\/fondazionelaviosa.com\/en\/wp-json\/wp\/v2\/pages"}],"about":[{"href":"https:\/\/fondazionelaviosa.com\/en\/wp-json\/wp\/v2\/types\/page"}],"author":[{"embeddable":true,"href":"https:\/\/fondazionelaviosa.com\/en\/wp-json\/wp\/v2\/users\/1"}],"replies":[{"embeddable":true,"href":"https:\/\/fondazionelaviosa.com\/en\/wp-json\/wp\/v2\/comments?post=3017"}],"version-history":[{"count":4,"href":"https:\/\/fondazionelaviosa.com\/en\/wp-json\/wp\/v2\/pages\/3017\/revisions"}],"predecessor-version":[{"id":3079,"href":"https:\/\/fondazionelaviosa.com\/en\/wp-json\/wp\/v2\/pages\/3017\/revisions\/3079"}],"wp:attachment":[{"href":"https:\/\/fondazionelaviosa.com\/en\/wp-json\/wp\/v2\/media?parent=3017"}],"curies":[{"name":"wp","href":"https:\/\/api.w.org\/{rel}","templated":true}]}}