{"id":3016,"date":"2019-02-04T17:17:45","date_gmt":"2019-02-04T16:17:45","guid":{"rendered":"https:\/\/fondazionelaviosa.com\/cookie-policy\/"},"modified":"2021-11-23T17:22:08","modified_gmt":"2021-11-23T16:22:08","slug":"cookie-policy","status":"publish","type":"page","link":"https:\/\/fondazionelaviosa.com\/en\/cookie-policy\/","title":{"rendered":"Cookie Policy"},"content":{"rendered":"<p>Questo sito utilizza cookies, anche di terze parti, per migliorare l\u2019esperienza di navigazione, per consentire a chi naviga di usufruire di tutti i servizi online.<\/p>\n<h3>CHE COSA SONO I COOKIES<\/h3>\n<p>I cookies sono dei piccoli file di testo che vengono inseriti nel dispositivo utilizzato dall\u2019utente per visitare il sito (computer, tablet o smartphone). Questi file sono salvati nelle directory utilizzate dal browser web dell\u2019utente.<\/p>\n<h3>CONSENSO<\/h3>\n<p>L\u2019utente del sito pu\u00f2 esprimere il proprio consenso all\u2019utilizzo dei cookies di terze parti come indicato nel banner, cliccando sul tasto \u201cOK\u201d presente sul banner.<\/p>\n<h3>TIPOLOGIA DI COOKIES<\/h3>\n<p><em>Cookies Tecnici di prima e terze parti <\/em><\/p>\n<p><span style=\"text-decoration: underline;\">Cookies tecnici necessari per il funzionamento<\/span><\/p>\n<p>Questi cookies permettono al sito di funzionare correttamente. Esistono due categorie di cookies tecnici: quelli persistenti, che rimangono anche dopo aver chiuso il browser, e quelli di sessione, che vengono distrutti ogni volta che il browser viene chiuso.<\/p>\n<p><span style=\"text-decoration: underline;\">Cookies tecnici per salvare le preferenze<\/span><\/p>\n<p>Questi cookies permettono di ricordare le preferenze selezionate dall\u2019utente.<\/p>\n<p><span style=\"text-decoration: underline;\">Cookies di Statistica e di Misurazione dell\u2019audience<\/span><\/p>\n<p>Questi cookies raccolgono in maniera anonima e aggregata i dati su come gli utenti interagiscono con il sito internet. Ci\u00f2 permette l\u2019ottimizzazione del sito.<br \/>\nI cookies tecnici di terze parti integrano funzionalit\u00e0 sviluppate da terzi all\u2019interno delle pagine del sito. Questi cookies sono inviati da domini di terze parti e da siti partner che offrono le loro funzionalit\u00e0 tra le pagine del sito.<\/p>\n<p><span style=\"text-decoration: underline;\">Cookies di profilazione a fini pubblicitari e per il remarketing<\/span><\/p>\n<p>Questi cookies (servizi di advertising di terza parte) vengono utilizzati al fine di inviare pubblicit\u00e0 e contenuti personalizzati in base alla cronologia di navigazione sul sito stesso. Sono quei cookies necessari a creare profili utenti al fine di inviare messaggi pubblicitari in linea con le preferenze manifestate dall\u2019utente all\u2019interno delle pagine del sito.<\/p>\n<h3>COOKIES UTILIZZATI IN QUESTO SITO<\/h3>\n<p>Per un dettaglio in merito ai Cookies tecnici di terze parti utilizzati dal sito ed il dettaglio delle loro finalit\u00e0 e della loro durata si rinvia alla apposita tabella.<\/p>\n<table border=\"1\" width=\"600\" cellspacing=\"0\" cellpadding=\"0\">\n<tbody>\n<tr>\n<td><strong>COOKIE<\/strong><\/td>\n<td><strong>DOMAIN<\/strong><\/td>\n<td><strong>TYPE<\/strong><\/td>\n<td><strong>DESCRIPTION<\/strong><\/td>\n<td><strong>DURATION<\/strong><\/td>\n<\/tr>\n<tr>\n<td>_grecaptcha<\/td>\n<td>fondazionelaviosa.com<\/td>\n<td>necessari<\/td>\n<td>Questo cookie \u00e8 usato per distinguere tra umani e robot. Questo \u00e8 utile per il sito web, al fine di rendere validi rapporti sull&#8217;uso del sito.<\/td>\n<td>persistent<\/td>\n<\/tr>\n<tr>\n<td>_GRECAPTCHA<\/td>\n<td>google.com<\/td>\n<td>necessari<\/td>\n<td>Questo cookie \u00e8 usato per distinguere tra umani e robot. Questo \u00e8 utile per il sito web, al fine di rendere validi rapporti sull&#8217;uso del sito.<\/td>\n<td>5 mesi e 27 giorni<\/td>\n<\/tr>\n<tr>\n<td>CONSENT<\/td>\n<td>youtube.com<\/td>\n<td>necessari<\/td>\n<td>Utilizzato per rilevare se il visitatore ha accettato la categoria di marketing nel banner dei cookie. Questo cookie \u00e8 necessario per la conformit\u00e0 GDPR del sito web.<\/td>\n<td>2 anni<\/td>\n<\/tr>\n<tr>\n<td>rc::a<\/td>\n<td>google.com<\/td>\n<td>necessari<\/td>\n<td>Questo cookie \u00e8 usato per distinguere tra umani e robot. Questo \u00e8 utile per il sito web, al fine di rendere validi rapporti sull&#8217;uso del sito.<\/td>\n<td>session<\/td>\n<\/tr>\n<tr>\n<td>rc::b<\/td>\n<td>google.com<\/td>\n<td>necessari<\/td>\n<td>Questo cookie \u00e8 usato per distinguere tra umani e robot.<\/td>\n<td>session<\/td>\n<\/tr>\n<tr>\n<td>rc::c<\/td>\n<td>google.com<\/td>\n<td>necessari<\/td>\n<td>Questo cookie \u00e8 usato per distinguere tra umani e robot.<\/td>\n<td>session<\/td>\n<\/tr>\n<tr>\n<td>rc::d-#<\/td>\n<td>google.com<\/td>\n<td>necessari<\/td>\n<td>Questo cookie \u00e8 usato per distinguere tra umani e robot.<\/td>\n<td>session<\/td>\n<\/tr>\n<tr>\n<td>_ga<\/td>\n<td>fondazionelaviosa.com<\/td>\n<td>statistiche<\/td>\n<td>Registra un ID univoco utilizzato per generare dati statistici su come il visitatore utilizza il sito inter net.<\/td>\n<td>2 anni<\/td>\n<\/tr>\n<tr>\n<td>_gid<\/td>\n<td>fondazionelaviosa.com<\/td>\n<td>statistiche<\/td>\n<td>Registra un ID univoco utilizzato per generare dati statistici su come il visitatore utilizza il sito inter net.<\/td>\n<td>1 giorno<\/td>\n<\/tr>\n<tr>\n<td>_gat<\/td>\n<td>fondazionelaviosa.com<\/td>\n<td>statistiche<\/td>\n<td>Utilizzato da Google Analytics per limitare la frequenza delle richieste<\/td>\n<td>1 giorno<\/td>\n<\/tr>\n<tr>\n<td>_fbp<\/td>\n<td>fondazionelaviosa.com<\/td>\n<td>marketing<\/td>\n<td>Utilizzato da Facebook per fornire una serie di prodotti pubblicitari come offerte in tempo reale da inserzionisti terzi.<\/td>\n<td>3 mesi<\/td>\n<\/tr>\n<tr>\n<td>tr<\/td>\n<td>facebook.com<\/td>\n<td>marketing<\/td>\n<td>Utilizzato da Facebook per fornire una serie di prodotti pubblicitari come offerte in tempo reale da inserzionisti terzi.<\/td>\n<td>session<\/td>\n<\/tr>\n<tr>\n<td>VISITOR_INFO1_LIVE<\/td>\n<td>youtube.com<\/td>\n<td>marketing<\/td>\n<td>Prova a stimare la velocit\u00e0 della connessione dell&#8217;utente su pagine con video YouTube integrati.<\/td>\n<td>5 mesi e 27 giorni<\/td>\n<\/tr>\n<tr>\n<td>YSC<\/td>\n<td>youtube.com<\/td>\n<td>marketing<\/td>\n<td>Registra un ID univoco per statistiche legate a quali video YouTube sono stati visualizzati dall&#8217;utente.<\/td>\n<td>session<\/td>\n<\/tr>\n<tr>\n<td>yt.innertube::nextId<\/td>\n<td>youtube.com<\/td>\n<td>marketing<\/td>\n<td>Registra un ID univoco per statistiche legate a quali video YouTube sono stati visualizzati dall&#8217;utente.<\/td>\n<td>persistent<\/td>\n<\/tr>\n<tr>\n<td>yt.innertube::requests<\/td>\n<td>youtube.com<\/td>\n<td>marketing<\/td>\n<td>Registra un ID univoco per statistiche legate a quali video YouTube sono stati visualizzati dall&#8217;utente.<\/td>\n<td>persistent<\/td>\n<\/tr>\n<tr>\n<td>Yt-remote-cast-available<\/td>\n<td>youtube.com<\/td>\n<td>marketing<\/td>\n<td>Memorizza le preferenze del lettore video dell&#8217;utente usando il video YouTube incorporato<\/td>\n<td>session<\/td>\n<\/tr>\n<tr>\n<td>Yt-remote-cast-installed<\/td>\n<td>youtube.com<\/td>\n<td>marketing<\/td>\n<td>Memorizza le preferenze del lettore video dell&#8217;utente usando il video YouTube incorporato<\/td>\n<td>session<\/td>\n<\/tr>\n<tr>\n<td>yt-remote-connected-devices<\/td>\n<td>youtube.com<\/td>\n<td>marketing<\/td>\n<td>Memorizza le preferenze del lettore video dell&#8217;utente usando il video YouTube incorporato<\/td>\n<td>persistent<\/td>\n<\/tr>\n<tr>\n<td>yt-remote-device-id<\/td>\n<td>youtube.com<\/td>\n<td>marketing<\/td>\n<td>Memorizza le preferenze del lettore video dell&#8217;utente usando il video YouTube incorporato<\/td>\n<td>persistent<\/td>\n<\/tr>\n<tr>\n<td>yt-remote-fast-check-period<\/td>\n<td>youtube.com<\/td>\n<td>marketing<\/td>\n<td>Memorizza le preferenze del lettore video dell&#8217;utente usando il video YouTube incorporato<\/td>\n<td>session<\/td>\n<\/tr>\n<tr>\n<td>yt-remote-session-app<\/td>\n<td>youtube.com<\/td>\n<td>marketing<\/td>\n<td>Memorizza le preferenze del lettore video dell&#8217;utente usando il video YouTube incorporato<\/td>\n<td>session<\/td>\n<\/tr>\n<tr>\n<td>yt-remote-session-name<\/td>\n<td>youtube.com<\/td>\n<td>marketing<\/td>\n<td>Memorizza le preferenze del lettore video dell&#8217;utente usando il video YouTube incorporato<\/td>\n<td>session<\/td>\n<\/tr>\n<\/tbody>\n<\/table>\n<h3>COME DISABILITARE I COOKIES SUL BROWSER<\/h3>\n<p>In qualunque momento \u00e8 possibile disabilitare i cookies presenti sul browser anche se questa opzione limiter\u00e0 le funzionalit\u00e0 di navigazione del sito.<\/p>\n<p><span style=\"text-decoration: underline;\">Internet Explorer<br \/>\n<\/span>Fare clic su \u201cStrumenti\u201d poi \u201cOpzioni Internet\u201d. Nella scheda Privacy, selezionare \u201cbloccare tutti i cookie\u201d o \u201cconsentire a tutti i cookie\u201d, e quindi fare clic su OK.<\/p>\n<p><span style=\"text-decoration: underline;\">Firefox<br \/>\n<\/span>Fare clic su \u201cStrumenti\u201d e selezionare il menu \u201cOpzioni\u201d. Fare clic sulla scheda \u201cPrivacy\u201d, deselezionare la casella \u201cAccetta cookie\u201d e fare clic su OK.<\/p>\n<p><span style=\"text-decoration: underline;\">Safari<br \/>\n<\/span>Selezionare il menu \u201cModifica\u201d e selezionare \u201cPreferences\u201d. Fare clic su \u201cPrivacy\u201d, posizionare l\u2019impostazione \u201ccookies Block\u201d \u201csempre\u201d e fare clic su OK.<\/p>\n<p><span style=\"text-decoration: underline;\">Google Chrome<br \/>\n<\/span>Fare clic sul menu Chrome nella barra degli strumenti del browser. Selezionare \u201cImpostazioni\u201d. Fare clic su \u201cMostra impostazioni avanzate\u201d. Nella sezione \u201cPrivacy\u201d, fare clic sul pulsante \u201cImpostazioni contenuti\u201d. Nella sezione \u201cCookies\u201d, selezionare \u201cNon consentire ai siti per memorizzare i dati\u201d e di controllo \u201ccookie di blocco e di terze parti i dati sito\u201d, e quindi fare clic su OK.<br \/>\nSe usi un qualsiasi altro browser, cerca nelle Impostazioni del browser la modalit\u00e0 di gestione dei cookies.<\/p>\n<p>&nbsp;<\/p>\n<p>&nbsp;<\/p>\n","protected":false},"excerpt":{"rendered":"<p>Questo sito utilizza cookies, anche di terze parti, per migliorare l\u2019esperienza di navigazione, per consentire a chi naviga di usufruire di tutti i servizi online. CHE COSA SONO I COOKIES I cookies sono dei piccoli file di testo che vengono inseriti nel dispositivo utilizzato dall\u2019utente per visitare il sito (computer, tablet o smartphone). Questi file [&hellip;]<\/p>\n","protected":false},"author":1,"featured_media":0,"parent":0,"menu_order":0,"comment_status":"closed","ping_status":"closed","template":"","meta":{"_uag_custom_page_level_css":"","site-sidebar-layout":"default","site-content-layout":"","ast-site-content-layout":"","site-content-style":"default","site-sidebar-style":"default","ast-global-header-display":"","ast-banner-title-visibility":"","ast-main-header-display":"","ast-hfb-above-header-display":"","ast-hfb-below-header-display":"","ast-hfb-mobile-header-display":"","site-post-title":"","ast-breadcrumbs-content":"","ast-featured-img":"","footer-sml-layout":"","theme-transparent-header-meta":"","adv-header-id-meta":"","stick-header-meta":"","header-above-stick-meta":"","header-main-stick-meta":"","header-below-stick-meta":"","astra-migrate-meta-layouts":"default","ast-page-background-enabled":"default","ast-page-background-meta":{"desktop":{"background-color":"var(--ast-global-color-4)","background-image":"","background-repeat":"repeat","background-position":"center center","background-size":"auto","background-attachment":"scroll","background-type":"","background-media":"","overlay-type":"","overlay-color":"","overlay-opacity":"","overlay-gradient":""},"tablet":{"background-color":"","background-image":"","background-repeat":"repeat","background-position":"center center","background-size":"auto","background-attachment":"scroll","background-type":"","background-media":"","overlay-type":"","overlay-color":"","overlay-opacity":"","overlay-gradient":""},"mobile":{"background-color":"","background-image":"","background-repeat":"repeat","background-position":"center center","background-size":"auto","background-attachment":"scroll","background-type":"","background-media":"","overlay-type":"","overlay-color":"","overlay-opacity":"","overlay-gradient":""}},"ast-content-background-meta":{"desktop":{"background-color":"var(--ast-global-color-5)","background-image":"","background-repeat":"repeat","background-position":"center center","background-size":"auto","background-attachment":"scroll","background-type":"","background-media":"","overlay-type":"","overlay-color":"","overlay-opacity":"","overlay-gradient":""},"tablet":{"background-color":"var(--ast-global-color-5)","background-image":"","background-repeat":"repeat","background-position":"center center","background-size":"auto","background-attachment":"scroll","background-type":"","background-media":"","overlay-type":"","overlay-color":"","overlay-opacity":"","overlay-gradient":""},"mobile":{"background-color":"var(--ast-global-color-5)","background-image":"","background-repeat":"repeat","background-position":"center center","background-size":"auto","background-attachment":"scroll","background-type":"","background-media":"","overlay-type":"","overlay-color":"","overlay-opacity":"","overlay-gradient":""}},"footnotes":""},"class_list":["post-3016","page","type-page","status-publish","hentry"],"aioseo_notices":[],"uagb_featured_image_src":{"full":false,"thumbnail":false,"medium":false,"medium_large":false,"large":false,"1536x1536":false,"2048x2048":false},"uagb_author_info":{"display_name":"metodo","author_link":"https:\/\/fondazionelaviosa.com\/en\/author\/metodo\/"},"uagb_comment_info":0,"uagb_excerpt":"Questo sito utilizza cookies, anche di terze parti, per migliorare l\u2019esperienza di navigazione, per consentire a chi naviga di usufruire di tutti i servizi online. CHE COSA SONO I COOKIES I cookies sono dei piccoli file di testo che vengono inseriti nel dispositivo utilizzato dall\u2019utente per visitare il sito (computer, tablet o smartphone). Questi file&hellip;","_links":{"self":[{"href":"https:\/\/fondazionelaviosa.com\/en\/wp-json\/wp\/v2\/pages\/3016","targetHints":{"allow":["GET"]}}],"collection":[{"href":"https:\/\/fondazionelaviosa.com\/en\/wp-json\/wp\/v2\/pages"}],"about":[{"href":"https:\/\/fondazionelaviosa.com\/en\/wp-json\/wp\/v2\/types\/page"}],"author":[{"embeddable":true,"href":"https:\/\/fondazionelaviosa.com\/en\/wp-json\/wp\/v2\/users\/1"}],"replies":[{"embeddable":true,"href":"https:\/\/fondazionelaviosa.com\/en\/wp-json\/wp\/v2\/comments?post=3016"}],"version-history":[{"count":4,"href":"https:\/\/fondazionelaviosa.com\/en\/wp-json\/wp\/v2\/pages\/3016\/revisions"}],"predecessor-version":[{"id":3077,"href":"https:\/\/fondazionelaviosa.com\/en\/wp-json\/wp\/v2\/pages\/3016\/revisions\/3077"}],"wp:attachment":[{"href":"https:\/\/fondazionelaviosa.com\/en\/wp-json\/wp\/v2\/media?parent=3016"}],"curies":[{"name":"wp","href":"https:\/\/api.w.org\/{rel}","templated":true}]}}